{"id":9571,"date":"2023-10-20T11:27:52","date_gmt":"2023-10-20T09:27:52","guid":{"rendered":"https:\/\/arctom.pl\/polityka-plikow-cookies\/"},"modified":"2023-10-20T11:27:52","modified_gmt":"2023-10-20T09:27:52","slug":"polityka-plikow-cookies","status":"publish","type":"page","link":"https:\/\/arctom.pl\/fr\/polityka-plikow-cookies\/","title":{"rendered":"Polityka plik\u00f3w Cookies"},"content":{"rendered":"<ol>\n<li>Witryna\u00a0<strong>arctom.pl<\/strong>\u00a0wykorzystuje pliki Cookies, czyli pliki tekstowe zapisywane na komputerze u\u017cytkownika, identyfikuj\u0105ce go w spos\u00f3b potrzebny do umo\u017cliwienia niekt\u00f3rych operacji. Pliki Cookies wykorzystywane s\u0105 mi\u0119dzy innymi do zapami\u0119tywania danych niezb\u0119dnych do logowania u\u017cytkownika. Warunkiem dzia\u0142ania Cookies jest ich akceptacja przez przegl\u0105dark\u0119 oraz nieusuwanie ich z dysku.<\/li>\n<li>Strona korzysta z plik\u00f3w Cookies \u201esesyjnych\u201d (zapisywane do czasu opuszczenia strony, zamkni\u0119cia przegl\u0105darki) oraz \u201esta\u0142ych\u201d (zapisywane na komputerze na okre\u015blony okres czasu).<\/li>\n<li>U\u017cytkownicy stron mog\u0105 dokona\u0107 zmiany ustawie\u0144 w tym zakresie. Przegl\u0105darka internetowa umo\u017cliwia usuni\u0119cie i blokowanie plik\u00f3w. Szczeg\u00f3\u0142owe informacje na ten temat zawarte s\u0105 w pomocy lub dokumentacji u\u017cywanej przez u\u017cytkownika przegl\u0105darki internetowej.<\/li>\n<li>Wy\u0142\u0105czenie plik\u00f3w Cookies najcz\u0119\u015bciej spowoduje ograniczenie lub zablokowanie niekt\u00f3rych funkcjonalno\u015bci strony.<\/li>\n<li>Na stronie <strong>arctom<\/strong><strong>.pl\u00a0<\/strong>wykorzystywane s\u0105 pliki Cookies strony trzeciej \u2013 Google Analytics \u2013 wi\u0119cej informacji mo\u017cna znale\u017a\u0107 na stronie:\u00a0<u><a href=\"http:\/\/www.google.com\/analytics\/learn\/privacy.html\">google.com\/analytics\/learn\/privacy.html<\/a><\/u><\/li>\n<li>Pliki Cookies stosowane na stronach internetowych <strong>arctom<\/strong><strong>.pl\u00a0<\/strong>nie przechowuj\u0105 danych osobowych.<\/li>\n<\/ol>\n","protected":false},"excerpt":{"rendered":"<p>Witryna\u00a0arctom.pl\u00a0wykorzystuje pliki Cookies, czyli pliki tekstowe zapisywane na komputerze u\u017cytkownika, identyfikuj\u0105ce go w spos\u00f3b potrzebny do umo\u017cliwienia niekt\u00f3rych operacji. Pliki<\/p>\n","protected":false},"author":1,"featured_media":0,"parent":0,"menu_order":0,"comment_status":"closed","ping_status":"closed","template":"","meta":{"footnotes":""},"class_list":["post-9571","page","type-page","status-publish","hentry"],"yoast_head":"<!-- This site is optimized with the Yoast SEO plugin v27.3 - https:\/\/yoast.com\/product\/yoast-seo-wordpress\/ -->\n<title>Polityka plik\u00f3w Cookies - Arctom<\/title>\n<meta name=\"robots\" content=\"index, follow, max-snippet:-1, max-image-preview:large, max-video-preview:-1\" \/>\n<link rel=\"canonical\" href=\"https:\/\/arctom.pl\/fr\/polityka-plikow-cookies\/\" \/>\n<meta property=\"og:locale\" content=\"fr_FR\" \/>\n<meta property=\"og:type\" content=\"article\" \/>\n<meta property=\"og:title\" content=\"Polityka plik\u00f3w Cookies - Arctom\" \/>\n<meta property=\"og:description\" content=\"Witryna\u00a0arctom.pl\u00a0wykorzystuje pliki Cookies, czyli pliki tekstowe zapisywane na komputerze u\u017cytkownika, identyfikuj\u0105ce go w spos\u00f3b potrzebny do umo\u017cliwienia niekt\u00f3rych operacji. Pliki\" \/>\n<meta property=\"og:url\" content=\"https:\/\/arctom.pl\/fr\/polityka-plikow-cookies\/\" \/>\n<meta property=\"og:site_name\" content=\"Arctom\" \/>\n<meta name=\"twitter:card\" content=\"summary_large_image\" \/>\n<meta name=\"twitter:label1\" content=\"Dur\u00e9e de lecture estim\u00e9e\" \/>\n\t<meta name=\"twitter:data1\" content=\"1 minute\" \/>\n<script type=\"application\/ld+json\" class=\"yoast-schema-graph\">{\"@context\":\"https:\\\/\\\/schema.org\",\"@graph\":[{\"@type\":\"WebPage\",\"@id\":\"https:\\\/\\\/arctom.pl\\\/fr\\\/polityka-plikow-cookies\\\/\",\"url\":\"https:\\\/\\\/arctom.pl\\\/fr\\\/polityka-plikow-cookies\\\/\",\"name\":\"Polityka plik\u00f3w Cookies - Arctom\",\"isPartOf\":{\"@id\":\"https:\\\/\\\/arctom.pl\\\/fr\\\/#website\"},\"datePublished\":\"2023-10-20T09:27:52+00:00\",\"breadcrumb\":{\"@id\":\"https:\\\/\\\/arctom.pl\\\/fr\\\/polityka-plikow-cookies\\\/#breadcrumb\"},\"inLanguage\":\"fr-FR\",\"potentialAction\":[{\"@type\":\"ReadAction\",\"target\":[\"https:\\\/\\\/arctom.pl\\\/fr\\\/polityka-plikow-cookies\\\/\"]}]},{\"@type\":\"BreadcrumbList\",\"@id\":\"https:\\\/\\\/arctom.pl\\\/fr\\\/polityka-plikow-cookies\\\/#breadcrumb\",\"itemListElement\":[{\"@type\":\"ListItem\",\"position\":1,\"name\":\"Arctom\",\"item\":\"https:\\\/\\\/arctom.pl\\\/fr\\\/\"},{\"@type\":\"ListItem\",\"position\":2,\"name\":\"Polityka plik\u00f3w Cookies\"}]},{\"@type\":\"WebSite\",\"@id\":\"https:\\\/\\\/arctom.pl\\\/fr\\\/#website\",\"url\":\"https:\\\/\\\/arctom.pl\\\/fr\\\/\",\"name\":\"Arctom\",\"description\":\"\",\"publisher\":{\"@id\":\"https:\\\/\\\/arctom.pl\\\/fr\\\/#organization\"},\"potentialAction\":[{\"@type\":\"SearchAction\",\"target\":{\"@type\":\"EntryPoint\",\"urlTemplate\":\"https:\\\/\\\/arctom.pl\\\/fr\\\/?s={search_term_string}\"},\"query-input\":{\"@type\":\"PropertyValueSpecification\",\"valueRequired\":true,\"valueName\":\"search_term_string\"}}],\"inLanguage\":\"fr-FR\"},{\"@type\":\"Organization\",\"@id\":\"https:\\\/\\\/arctom.pl\\\/fr\\\/#organization\",\"name\":\"Arctom\",\"url\":\"https:\\\/\\\/arctom.pl\\\/fr\\\/\",\"logo\":{\"@type\":\"ImageObject\",\"inLanguage\":\"fr-FR\",\"@id\":\"https:\\\/\\\/arctom.pl\\\/fr\\\/#\\\/schema\\\/logo\\\/image\\\/\",\"url\":\"https:\\\/\\\/arctom.pl\\\/wp-content\\\/uploads\\\/2023\\\/11\\\/arctom-logo.png\",\"contentUrl\":\"https:\\\/\\\/arctom.pl\\\/wp-content\\\/uploads\\\/2023\\\/11\\\/arctom-logo.png\",\"width\":171,\"height\":62,\"caption\":\"Arctom\"},\"image\":{\"@id\":\"https:\\\/\\\/arctom.pl\\\/fr\\\/#\\\/schema\\\/logo\\\/image\\\/\"}}]}<\/script>\n<!-- \/ Yoast SEO plugin. -->","yoast_head_json":{"title":"Polityka plik\u00f3w Cookies - Arctom","robots":{"index":"index","follow":"follow","max-snippet":"max-snippet:-1","max-image-preview":"max-image-preview:large","max-video-preview":"max-video-preview:-1"},"canonical":"https:\/\/arctom.pl\/fr\/polityka-plikow-cookies\/","og_locale":"fr_FR","og_type":"article","og_title":"Polityka plik\u00f3w Cookies - Arctom","og_description":"Witryna\u00a0arctom.pl\u00a0wykorzystuje pliki Cookies, czyli pliki tekstowe zapisywane na komputerze u\u017cytkownika, identyfikuj\u0105ce go w spos\u00f3b potrzebny do umo\u017cliwienia niekt\u00f3rych operacji. Pliki","og_url":"https:\/\/arctom.pl\/fr\/polityka-plikow-cookies\/","og_site_name":"Arctom","twitter_card":"summary_large_image","twitter_misc":{"Dur\u00e9e de lecture estim\u00e9e":"1 minute"},"schema":{"@context":"https:\/\/schema.org","@graph":[{"@type":"WebPage","@id":"https:\/\/arctom.pl\/fr\/polityka-plikow-cookies\/","url":"https:\/\/arctom.pl\/fr\/polityka-plikow-cookies\/","name":"Polityka plik\u00f3w Cookies - Arctom","isPartOf":{"@id":"https:\/\/arctom.pl\/fr\/#website"},"datePublished":"2023-10-20T09:27:52+00:00","breadcrumb":{"@id":"https:\/\/arctom.pl\/fr\/polityka-plikow-cookies\/#breadcrumb"},"inLanguage":"fr-FR","potentialAction":[{"@type":"ReadAction","target":["https:\/\/arctom.pl\/fr\/polityka-plikow-cookies\/"]}]},{"@type":"BreadcrumbList","@id":"https:\/\/arctom.pl\/fr\/polityka-plikow-cookies\/#breadcrumb","itemListElement":[{"@type":"ListItem","position":1,"name":"Arctom","item":"https:\/\/arctom.pl\/fr\/"},{"@type":"ListItem","position":2,"name":"Polityka plik\u00f3w Cookies"}]},{"@type":"WebSite","@id":"https:\/\/arctom.pl\/fr\/#website","url":"https:\/\/arctom.pl\/fr\/","name":"Arctom","description":"","publisher":{"@id":"https:\/\/arctom.pl\/fr\/#organization"},"potentialAction":[{"@type":"SearchAction","target":{"@type":"EntryPoint","urlTemplate":"https:\/\/arctom.pl\/fr\/?s={search_term_string}"},"query-input":{"@type":"PropertyValueSpecification","valueRequired":true,"valueName":"search_term_string"}}],"inLanguage":"fr-FR"},{"@type":"Organization","@id":"https:\/\/arctom.pl\/fr\/#organization","name":"Arctom","url":"https:\/\/arctom.pl\/fr\/","logo":{"@type":"ImageObject","inLanguage":"fr-FR","@id":"https:\/\/arctom.pl\/fr\/#\/schema\/logo\/image\/","url":"https:\/\/arctom.pl\/wp-content\/uploads\/2023\/11\/arctom-logo.png","contentUrl":"https:\/\/arctom.pl\/wp-content\/uploads\/2023\/11\/arctom-logo.png","width":171,"height":62,"caption":"Arctom"},"image":{"@id":"https:\/\/arctom.pl\/fr\/#\/schema\/logo\/image\/"}}]}},"_links":{"self":[{"href":"https:\/\/arctom.pl\/fr\/wp-json\/wp\/v2\/pages\/9571","targetHints":{"allow":["GET"]}}],"collection":[{"href":"https:\/\/arctom.pl\/fr\/wp-json\/wp\/v2\/pages"}],"about":[{"href":"https:\/\/arctom.pl\/fr\/wp-json\/wp\/v2\/types\/page"}],"author":[{"embeddable":true,"href":"https:\/\/arctom.pl\/fr\/wp-json\/wp\/v2\/users\/1"}],"replies":[{"embeddable":true,"href":"https:\/\/arctom.pl\/fr\/wp-json\/wp\/v2\/comments?post=9571"}],"version-history":[{"count":1,"href":"https:\/\/arctom.pl\/fr\/wp-json\/wp\/v2\/pages\/9571\/revisions"}],"predecessor-version":[{"id":9572,"href":"https:\/\/arctom.pl\/fr\/wp-json\/wp\/v2\/pages\/9571\/revisions\/9572"}],"wp:attachment":[{"href":"https:\/\/arctom.pl\/fr\/wp-json\/wp\/v2\/media?parent=9571"}],"curies":[{"name":"wp","href":"https:\/\/api.w.org\/{rel}","templated":true}]}}