{"id":9565,"date":"2023-10-23T16:42:07","date_gmt":"2023-10-23T14:42:07","guid":{"rendered":"https:\/\/arctom.pl\/porownaj-produkty\/"},"modified":"2023-12-04T15:46:04","modified_gmt":"2023-12-04T14:46:04","slug":"comparer-les-produits","status":"publish","type":"page","link":"https:\/\/arctom.pl\/fr\/comparer-les-produits\/","title":{"rendered":"Comparer les produits"},"content":{"rendered":"<div class=\"wpb-content-wrapper\"><p>[vc_row][vc_column]\t\t<p class=\"wd-empty-compare wd-empty-page\">\n\t\t\tCompare list is empty.\t\t<\/p>\n\t\t\t\t\t<div class=\"wd-empty-page-text\">\n\t\t\t\t\u017badne produkty nie zosta\u0142y dodane do listy por\u00f3wnawczej. Aby je por\u00f3wna\u0107, musisz doda\u0107 kilka produkt\u00f3w.\t\t\t<\/div>\n\t\t\t\t<p class=\"return-to-shop\">\n\t\t\t<a class=\"button\" href=\"https:\/\/arctom.pl\/fr\/produits\/\">\n\t\t\t\tReturn to shop\t\t\t<\/a>\n\t\t<\/p>\n\t\t[\/vc_column][\/vc_row]<\/p>\n<\/div>","protected":false},"excerpt":{"rendered":"<p>[vc_row][vc_column][\/vc_column][\/vc_row]<\/p>\n","protected":false},"author":1,"featured_media":0,"parent":0,"menu_order":0,"comment_status":"closed","ping_status":"closed","template":"","meta":{"footnotes":""},"class_list":["post-9565","page","type-page","status-publish","hentry"],"yoast_head":"<!-- This site is optimized with the Yoast SEO plugin v27.3 - https:\/\/yoast.com\/product\/yoast-seo-wordpress\/ -->\n<title>Comparer les produits - Arctom<\/title>\n<meta name=\"robots\" content=\"index, follow, max-snippet:-1, max-image-preview:large, max-video-preview:-1\" \/>\n<link rel=\"canonical\" href=\"https:\/\/arctom.pl\/fr\/comparer-les-produits\/\" \/>\n<meta property=\"og:locale\" content=\"fr_FR\" \/>\n<meta property=\"og:type\" content=\"article\" \/>\n<meta property=\"og:title\" content=\"Comparer les produits - Arctom\" \/>\n<meta property=\"og:description\" content=\"[vc_row][vc_column][\/vc_column][\/vc_row]\" \/>\n<meta property=\"og:url\" content=\"https:\/\/arctom.pl\/fr\/comparer-les-produits\/\" \/>\n<meta property=\"og:site_name\" content=\"Arctom\" \/>\n<meta property=\"article:modified_time\" content=\"2023-12-04T14:46:04+00:00\" \/>\n<meta name=\"twitter:card\" content=\"summary_large_image\" \/>\n<meta name=\"twitter:label1\" content=\"Dur\u00e9e de lecture estim\u00e9e\" \/>\n\t<meta name=\"twitter:data1\" content=\"1 minute\" \/>\n<script type=\"application\/ld+json\" class=\"yoast-schema-graph\">{\"@context\":\"https:\\\/\\\/schema.org\",\"@graph\":[{\"@type\":\"WebPage\",\"@id\":\"https:\\\/\\\/arctom.pl\\\/fr\\\/comparer-les-produits\\\/\",\"url\":\"https:\\\/\\\/arctom.pl\\\/fr\\\/comparer-les-produits\\\/\",\"name\":\"Comparer les produits - Arctom\",\"isPartOf\":{\"@id\":\"https:\\\/\\\/arctom.pl\\\/fr\\\/#website\"},\"datePublished\":\"2023-10-23T14:42:07+00:00\",\"dateModified\":\"2023-12-04T14:46:04+00:00\",\"breadcrumb\":{\"@id\":\"https:\\\/\\\/arctom.pl\\\/fr\\\/comparer-les-produits\\\/#breadcrumb\"},\"inLanguage\":\"fr-FR\",\"potentialAction\":[{\"@type\":\"ReadAction\",\"target\":[\"https:\\\/\\\/arctom.pl\\\/fr\\\/comparer-les-produits\\\/\"]}]},{\"@type\":\"BreadcrumbList\",\"@id\":\"https:\\\/\\\/arctom.pl\\\/fr\\\/comparer-les-produits\\\/#breadcrumb\",\"itemListElement\":[{\"@type\":\"ListItem\",\"position\":1,\"name\":\"Arctom\",\"item\":\"https:\\\/\\\/arctom.pl\\\/fr\\\/\"},{\"@type\":\"ListItem\",\"position\":2,\"name\":\"Comparer les produits\"}]},{\"@type\":\"WebSite\",\"@id\":\"https:\\\/\\\/arctom.pl\\\/fr\\\/#website\",\"url\":\"https:\\\/\\\/arctom.pl\\\/fr\\\/\",\"name\":\"Arctom\",\"description\":\"\",\"publisher\":{\"@id\":\"https:\\\/\\\/arctom.pl\\\/fr\\\/#organization\"},\"potentialAction\":[{\"@type\":\"SearchAction\",\"target\":{\"@type\":\"EntryPoint\",\"urlTemplate\":\"https:\\\/\\\/arctom.pl\\\/fr\\\/?s={search_term_string}\"},\"query-input\":{\"@type\":\"PropertyValueSpecification\",\"valueRequired\":true,\"valueName\":\"search_term_string\"}}],\"inLanguage\":\"fr-FR\"},{\"@type\":\"Organization\",\"@id\":\"https:\\\/\\\/arctom.pl\\\/fr\\\/#organization\",\"name\":\"Arctom\",\"url\":\"https:\\\/\\\/arctom.pl\\\/fr\\\/\",\"logo\":{\"@type\":\"ImageObject\",\"inLanguage\":\"fr-FR\",\"@id\":\"https:\\\/\\\/arctom.pl\\\/fr\\\/#\\\/schema\\\/logo\\\/image\\\/\",\"url\":\"https:\\\/\\\/arctom.pl\\\/wp-content\\\/uploads\\\/2023\\\/11\\\/arctom-logo.png\",\"contentUrl\":\"https:\\\/\\\/arctom.pl\\\/wp-content\\\/uploads\\\/2023\\\/11\\\/arctom-logo.png\",\"width\":171,\"height\":62,\"caption\":\"Arctom\"},\"image\":{\"@id\":\"https:\\\/\\\/arctom.pl\\\/fr\\\/#\\\/schema\\\/logo\\\/image\\\/\"}}]}<\/script>\n<!-- \/ Yoast SEO plugin. -->","yoast_head_json":{"title":"Comparer les produits - Arctom","robots":{"index":"index","follow":"follow","max-snippet":"max-snippet:-1","max-image-preview":"max-image-preview:large","max-video-preview":"max-video-preview:-1"},"canonical":"https:\/\/arctom.pl\/fr\/comparer-les-produits\/","og_locale":"fr_FR","og_type":"article","og_title":"Comparer les produits - Arctom","og_description":"[vc_row][vc_column][\/vc_column][\/vc_row]","og_url":"https:\/\/arctom.pl\/fr\/comparer-les-produits\/","og_site_name":"Arctom","article_modified_time":"2023-12-04T14:46:04+00:00","twitter_card":"summary_large_image","twitter_misc":{"Dur\u00e9e de lecture estim\u00e9e":"1 minute"},"schema":{"@context":"https:\/\/schema.org","@graph":[{"@type":"WebPage","@id":"https:\/\/arctom.pl\/fr\/comparer-les-produits\/","url":"https:\/\/arctom.pl\/fr\/comparer-les-produits\/","name":"Comparer les produits - Arctom","isPartOf":{"@id":"https:\/\/arctom.pl\/fr\/#website"},"datePublished":"2023-10-23T14:42:07+00:00","dateModified":"2023-12-04T14:46:04+00:00","breadcrumb":{"@id":"https:\/\/arctom.pl\/fr\/comparer-les-produits\/#breadcrumb"},"inLanguage":"fr-FR","potentialAction":[{"@type":"ReadAction","target":["https:\/\/arctom.pl\/fr\/comparer-les-produits\/"]}]},{"@type":"BreadcrumbList","@id":"https:\/\/arctom.pl\/fr\/comparer-les-produits\/#breadcrumb","itemListElement":[{"@type":"ListItem","position":1,"name":"Arctom","item":"https:\/\/arctom.pl\/fr\/"},{"@type":"ListItem","position":2,"name":"Comparer les produits"}]},{"@type":"WebSite","@id":"https:\/\/arctom.pl\/fr\/#website","url":"https:\/\/arctom.pl\/fr\/","name":"Arctom","description":"","publisher":{"@id":"https:\/\/arctom.pl\/fr\/#organization"},"potentialAction":[{"@type":"SearchAction","target":{"@type":"EntryPoint","urlTemplate":"https:\/\/arctom.pl\/fr\/?s={search_term_string}"},"query-input":{"@type":"PropertyValueSpecification","valueRequired":true,"valueName":"search_term_string"}}],"inLanguage":"fr-FR"},{"@type":"Organization","@id":"https:\/\/arctom.pl\/fr\/#organization","name":"Arctom","url":"https:\/\/arctom.pl\/fr\/","logo":{"@type":"ImageObject","inLanguage":"fr-FR","@id":"https:\/\/arctom.pl\/fr\/#\/schema\/logo\/image\/","url":"https:\/\/arctom.pl\/wp-content\/uploads\/2023\/11\/arctom-logo.png","contentUrl":"https:\/\/arctom.pl\/wp-content\/uploads\/2023\/11\/arctom-logo.png","width":171,"height":62,"caption":"Arctom"},"image":{"@id":"https:\/\/arctom.pl\/fr\/#\/schema\/logo\/image\/"}}]}},"_links":{"self":[{"href":"https:\/\/arctom.pl\/fr\/wp-json\/wp\/v2\/pages\/9565","targetHints":{"allow":["GET"]}}],"collection":[{"href":"https:\/\/arctom.pl\/fr\/wp-json\/wp\/v2\/pages"}],"about":[{"href":"https:\/\/arctom.pl\/fr\/wp-json\/wp\/v2\/types\/page"}],"author":[{"embeddable":true,"href":"https:\/\/arctom.pl\/fr\/wp-json\/wp\/v2\/users\/1"}],"replies":[{"embeddable":true,"href":"https:\/\/arctom.pl\/fr\/wp-json\/wp\/v2\/comments?post=9565"}],"version-history":[{"count":2,"href":"https:\/\/arctom.pl\/fr\/wp-json\/wp\/v2\/pages\/9565\/revisions"}],"predecessor-version":[{"id":9568,"href":"https:\/\/arctom.pl\/fr\/wp-json\/wp\/v2\/pages\/9565\/revisions\/9568"}],"wp:attachment":[{"href":"https:\/\/arctom.pl\/fr\/wp-json\/wp\/v2\/media?parent=9565"}],"curies":[{"name":"wp","href":"https:\/\/api.w.org\/{rel}","templated":true}]}}