{"id":8039,"date":"2023-10-20T11:27:30","date_gmt":"2023-10-20T09:27:30","guid":{"rendered":"https:\/\/arctom.pl\/gwarancja\/"},"modified":"2023-12-04T14:12:14","modified_gmt":"2023-12-04T13:12:14","slug":"garantie","status":"publish","type":"page","link":"https:\/\/arctom.pl\/fr\/garantie\/","title":{"rendered":"Garantie"},"content":{"rendered":"<h3 style=\"text-align: center;\">CONDITIONS DE GARANTIE<\/h3>\n<ol>\n<li>Le fabricant offre une garantie de deux ans sur ses produits (auvents et murs).<\/li>\n<li>Si un d\u00e9faut ou un dommage au produit est constat\u00e9 pendant la p\u00e9riode de garantie, il sera \u00e9limin\u00e9 gratuitement.<\/li>\n<li>La garantie ne couvre pas les dommages caus\u00e9s au produit par<br \/>\n\u2022 une mauvaise utilisation<br \/>\n\u2022 une mauvaise installation<br \/>\n\u2022 les cas fortuits et autres circonstances dont le fabricant n&rsquo;est pas responsable, par exemple les dommages r\u00e9sultant du choc violent d&rsquo;un objet tombant d&rsquo;une grande hauteur, d&rsquo;une temp\u00eate de vent ou d&rsquo;une accumulation de neige, de glace, etc.<br \/>\n\u2022 actes de tiers (vandalisme), etc.<br \/>\n\u2022 un mauvais entretien des auvents et des parois (utilisation de produits de nettoyage corrosifs ou provoquant des rayures).<\/li>\n<li>Toute modification du produit effectu\u00e9e par des personnes non autoris\u00e9es par le fabricant entra\u00eene la perte des droits de la pr\u00e9sente garantie.<\/li>\n<li>En hiver, il est recommand\u00e9 d&rsquo;enlever p\u00e9riodiquement la neige (ou la glace) sur les auvents dont l&rsquo;\u00e9paisseur d\u00e9passe 20 cm.<\/li>\n<li>Une preuve d&rsquo;achat est une condition pr\u00e9alable \u00e0 la reconnaissance d&rsquo;une r\u00e9clamation.<\/li>\n<li>L&rsquo;acheteur a le droit d&rsquo;\u00e9changer le produit contre un nouveau si, dans un d\u00e9lai de 2 semaines \u00e0 compter de la date d&rsquo;achat, il constate un d\u00e9faut qui rend impossible l&rsquo;utilisation du produit comme pr\u00e9vu.<\/li>\n<li>En cas de r\u00e9clamation injustifi\u00e9e, l&rsquo;acheteur supportera les frais de d\u00e9placement du technicien et tous les autres frais encourus.<\/li>\n<\/ol>\n<p style=\"text-align: center;\"><strong>NOTE : Adapter les chevilles au type de mur et d&rsquo;isolation.<\/strong><\/p>\n","protected":false},"excerpt":{"rendered":"<p>CONDITIONS DE GARANTIE Le fabricant offre une garantie de deux ans sur ses produits (auvents et murs). Si un d\u00e9faut<\/p>\n","protected":false},"author":1,"featured_media":0,"parent":0,"menu_order":0,"comment_status":"closed","ping_status":"closed","template":"","meta":{"footnotes":""},"class_list":["post-8039","page","type-page","status-publish","hentry"],"yoast_head":"<!-- This site is optimized with the Yoast SEO plugin v27.3 - https:\/\/yoast.com\/product\/yoast-seo-wordpress\/ -->\n<title>Garantie - Arctom<\/title>\n<meta name=\"robots\" content=\"index, follow, max-snippet:-1, max-image-preview:large, max-video-preview:-1\" \/>\n<link rel=\"canonical\" href=\"https:\/\/arctom.pl\/fr\/garantie\/\" \/>\n<meta property=\"og:locale\" content=\"fr_FR\" \/>\n<meta property=\"og:type\" content=\"article\" \/>\n<meta property=\"og:title\" content=\"Garantie - Arctom\" \/>\n<meta property=\"og:description\" content=\"CONDITIONS DE GARANTIE Le fabricant offre une garantie de deux ans sur ses produits (auvents et murs). Si un d\u00e9faut\" \/>\n<meta property=\"og:url\" content=\"https:\/\/arctom.pl\/fr\/garantie\/\" \/>\n<meta property=\"og:site_name\" content=\"Arctom\" \/>\n<meta property=\"article:modified_time\" content=\"2023-12-04T13:12:14+00:00\" \/>\n<meta name=\"twitter:card\" content=\"summary_large_image\" \/>\n<meta name=\"twitter:label1\" content=\"Dur\u00e9e de lecture estim\u00e9e\" \/>\n\t<meta name=\"twitter:data1\" content=\"3 minutes\" \/>\n<script type=\"application\/ld+json\" class=\"yoast-schema-graph\">{\"@context\":\"https:\\\/\\\/schema.org\",\"@graph\":[{\"@type\":\"WebPage\",\"@id\":\"https:\\\/\\\/arctom.pl\\\/fr\\\/garantie\\\/\",\"url\":\"https:\\\/\\\/arctom.pl\\\/fr\\\/garantie\\\/\",\"name\":\"Garantie - Arctom\",\"isPartOf\":{\"@id\":\"https:\\\/\\\/arctom.pl\\\/fr\\\/#website\"},\"datePublished\":\"2023-10-20T09:27:30+00:00\",\"dateModified\":\"2023-12-04T13:12:14+00:00\",\"breadcrumb\":{\"@id\":\"https:\\\/\\\/arctom.pl\\\/fr\\\/garantie\\\/#breadcrumb\"},\"inLanguage\":\"fr-FR\",\"potentialAction\":[{\"@type\":\"ReadAction\",\"target\":[\"https:\\\/\\\/arctom.pl\\\/fr\\\/garantie\\\/\"]}]},{\"@type\":\"BreadcrumbList\",\"@id\":\"https:\\\/\\\/arctom.pl\\\/fr\\\/garantie\\\/#breadcrumb\",\"itemListElement\":[{\"@type\":\"ListItem\",\"position\":1,\"name\":\"Arctom\",\"item\":\"https:\\\/\\\/arctom.pl\\\/fr\\\/\"},{\"@type\":\"ListItem\",\"position\":2,\"name\":\"Garantie\"}]},{\"@type\":\"WebSite\",\"@id\":\"https:\\\/\\\/arctom.pl\\\/fr\\\/#website\",\"url\":\"https:\\\/\\\/arctom.pl\\\/fr\\\/\",\"name\":\"Arctom\",\"description\":\"\",\"publisher\":{\"@id\":\"https:\\\/\\\/arctom.pl\\\/fr\\\/#organization\"},\"potentialAction\":[{\"@type\":\"SearchAction\",\"target\":{\"@type\":\"EntryPoint\",\"urlTemplate\":\"https:\\\/\\\/arctom.pl\\\/fr\\\/?s={search_term_string}\"},\"query-input\":{\"@type\":\"PropertyValueSpecification\",\"valueRequired\":true,\"valueName\":\"search_term_string\"}}],\"inLanguage\":\"fr-FR\"},{\"@type\":\"Organization\",\"@id\":\"https:\\\/\\\/arctom.pl\\\/fr\\\/#organization\",\"name\":\"Arctom\",\"url\":\"https:\\\/\\\/arctom.pl\\\/fr\\\/\",\"logo\":{\"@type\":\"ImageObject\",\"inLanguage\":\"fr-FR\",\"@id\":\"https:\\\/\\\/arctom.pl\\\/fr\\\/#\\\/schema\\\/logo\\\/image\\\/\",\"url\":\"https:\\\/\\\/arctom.pl\\\/wp-content\\\/uploads\\\/2023\\\/11\\\/arctom-logo.png\",\"contentUrl\":\"https:\\\/\\\/arctom.pl\\\/wp-content\\\/uploads\\\/2023\\\/11\\\/arctom-logo.png\",\"width\":171,\"height\":62,\"caption\":\"Arctom\"},\"image\":{\"@id\":\"https:\\\/\\\/arctom.pl\\\/fr\\\/#\\\/schema\\\/logo\\\/image\\\/\"}}]}<\/script>\n<!-- \/ Yoast SEO plugin. -->","yoast_head_json":{"title":"Garantie - Arctom","robots":{"index":"index","follow":"follow","max-snippet":"max-snippet:-1","max-image-preview":"max-image-preview:large","max-video-preview":"max-video-preview:-1"},"canonical":"https:\/\/arctom.pl\/fr\/garantie\/","og_locale":"fr_FR","og_type":"article","og_title":"Garantie - Arctom","og_description":"CONDITIONS DE GARANTIE Le fabricant offre une garantie de deux ans sur ses produits (auvents et murs). Si un d\u00e9faut","og_url":"https:\/\/arctom.pl\/fr\/garantie\/","og_site_name":"Arctom","article_modified_time":"2023-12-04T13:12:14+00:00","twitter_card":"summary_large_image","twitter_misc":{"Dur\u00e9e de lecture estim\u00e9e":"3 minutes"},"schema":{"@context":"https:\/\/schema.org","@graph":[{"@type":"WebPage","@id":"https:\/\/arctom.pl\/fr\/garantie\/","url":"https:\/\/arctom.pl\/fr\/garantie\/","name":"Garantie - Arctom","isPartOf":{"@id":"https:\/\/arctom.pl\/fr\/#website"},"datePublished":"2023-10-20T09:27:30+00:00","dateModified":"2023-12-04T13:12:14+00:00","breadcrumb":{"@id":"https:\/\/arctom.pl\/fr\/garantie\/#breadcrumb"},"inLanguage":"fr-FR","potentialAction":[{"@type":"ReadAction","target":["https:\/\/arctom.pl\/fr\/garantie\/"]}]},{"@type":"BreadcrumbList","@id":"https:\/\/arctom.pl\/fr\/garantie\/#breadcrumb","itemListElement":[{"@type":"ListItem","position":1,"name":"Arctom","item":"https:\/\/arctom.pl\/fr\/"},{"@type":"ListItem","position":2,"name":"Garantie"}]},{"@type":"WebSite","@id":"https:\/\/arctom.pl\/fr\/#website","url":"https:\/\/arctom.pl\/fr\/","name":"Arctom","description":"","publisher":{"@id":"https:\/\/arctom.pl\/fr\/#organization"},"potentialAction":[{"@type":"SearchAction","target":{"@type":"EntryPoint","urlTemplate":"https:\/\/arctom.pl\/fr\/?s={search_term_string}"},"query-input":{"@type":"PropertyValueSpecification","valueRequired":true,"valueName":"search_term_string"}}],"inLanguage":"fr-FR"},{"@type":"Organization","@id":"https:\/\/arctom.pl\/fr\/#organization","name":"Arctom","url":"https:\/\/arctom.pl\/fr\/","logo":{"@type":"ImageObject","inLanguage":"fr-FR","@id":"https:\/\/arctom.pl\/fr\/#\/schema\/logo\/image\/","url":"https:\/\/arctom.pl\/wp-content\/uploads\/2023\/11\/arctom-logo.png","contentUrl":"https:\/\/arctom.pl\/wp-content\/uploads\/2023\/11\/arctom-logo.png","width":171,"height":62,"caption":"Arctom"},"image":{"@id":"https:\/\/arctom.pl\/fr\/#\/schema\/logo\/image\/"}}]}},"_links":{"self":[{"href":"https:\/\/arctom.pl\/fr\/wp-json\/wp\/v2\/pages\/8039","targetHints":{"allow":["GET"]}}],"collection":[{"href":"https:\/\/arctom.pl\/fr\/wp-json\/wp\/v2\/pages"}],"about":[{"href":"https:\/\/arctom.pl\/fr\/wp-json\/wp\/v2\/types\/page"}],"author":[{"embeddable":true,"href":"https:\/\/arctom.pl\/fr\/wp-json\/wp\/v2\/users\/1"}],"replies":[{"embeddable":true,"href":"https:\/\/arctom.pl\/fr\/wp-json\/wp\/v2\/comments?post=8039"}],"version-history":[{"count":2,"href":"https:\/\/arctom.pl\/fr\/wp-json\/wp\/v2\/pages\/8039\/revisions"}],"predecessor-version":[{"id":9545,"href":"https:\/\/arctom.pl\/fr\/wp-json\/wp\/v2\/pages\/8039\/revisions\/9545"}],"wp:attachment":[{"href":"https:\/\/arctom.pl\/fr\/wp-json\/wp\/v2\/media?parent=8039"}],"curies":[{"name":"wp","href":"https:\/\/api.w.org\/{rel}","templated":true}]}}